{"id":2906,"date":"2026-04-02T17:49:10","date_gmt":"2026-04-02T15:49:10","guid":{"rendered":"https:\/\/sapernelle.com\/?post_type=product&#038;p=2906"},"modified":"2026-04-23T15:12:43","modified_gmt":"2026-04-23T13:12:43","slug":"brume","status":"publish","type":"product","link":"https:\/\/sapernelle.com\/index.php\/produit\/brume\/","title":{"rendered":"Brume"},"content":{"rendered":"<p>[et_pb_section fb_built=\u00a0\u00bb1&Prime; _builder_version=\u00a0\u00bb4.16&Prime; custom_padding=\u00a0\u00bb0px||||false|false\u00a0\u00bb global_colors_info=\u00a0\u00bb{}\u00a0\u00bb][et_pb_row _builder_version=\u00a0\u00bb4.16&Prime; background_size=\u00a0\u00bbinitial\u00a0\u00bb background_position=\u00a0\u00bbtop_left\u00a0\u00bb background_repeat=\u00a0\u00bbrepeat\u00a0\u00bb width=\u00a0\u00bb100%\u00a0\u00bb custom_padding=\u00a0\u00bb0px||0px||false|false\u00a0\u00bb global_colors_info=\u00a0\u00bb{}\u00a0\u00bb][et_pb_column type=\u00a0\u00bb4_4&Prime; _builder_version=\u00a0\u00bb4.16&Prime; custom_padding=\u00a0\u00bb|||\u00a0\u00bb global_colors_info=\u00a0\u00bb{}\u00a0\u00bb custom_padding__hover=\u00a0\u00bb|||\u00a0\u00bb][et_pb_wc_cart_notice _builder_version=\u00a0\u00bb4.16&Prime; global_colors_info=\u00a0\u00bb{}\u00a0\u00bb][\/et_pb_wc_cart_notice][\/et_pb_column][\/et_pb_row][et_pb_row column_structure=\u00a0\u00bb1_2,1_2&Prime; _builder_version=\u00a0\u00bb4.16&Prime; background_size=\u00a0\u00bbinitial\u00a0\u00bb background_position=\u00a0\u00bbtop_left\u00a0\u00bb background_repeat=\u00a0\u00bbrepeat\u00a0\u00bb width=\u00a0\u00bb100%\u00a0\u00bb custom_padding=\u00a0\u00bb0px||||false|false\u00a0\u00bb global_colors_info=\u00a0\u00bb{}\u00a0\u00bb][et_pb_column type=\u00a0\u00bb1_2&Prime; _builder_version=\u00a0\u00bb4.16&Prime; custom_padding=\u00a0\u00bb|||\u00a0\u00bb global_colors_info=\u00a0\u00bb{}\u00a0\u00bb custom_padding__hover=\u00a0\u00bb|||\u00a0\u00bb][et_pb_wc_images _builder_version=\u00a0\u00bb4.16&Prime; global_colors_info=\u00a0\u00bb{}\u00a0\u00bb][\/et_pb_wc_images][\/et_pb_column][et_pb_column type=\u00a0\u00bb1_2&Prime; _builder_version=\u00a0\u00bb4.16&Prime; custom_padding=\u00a0\u00bb|||\u00a0\u00bb global_colors_info=\u00a0\u00bb{}\u00a0\u00bb custom_padding__hover=\u00a0\u00bb|||\u00a0\u00bb][et_pb_wc_title _builder_version=\u00a0\u00bb4.16&Prime; header_font=\u00a0\u00bb||||||||\u00a0\u00bb header_text_align=\u00a0\u00bbleft\u00a0\u00bb header_line_height=\u00a0\u00bb2em\u00a0\u00bb global_colors_info=\u00a0\u00bb{}\u00a0\u00bb][\/et_pb_wc_title][et_pb_wc_price _builder_version=\u00a0\u00bb4.16&Prime; global_colors_info=\u00a0\u00bb{}\u00a0\u00bb][\/et_pb_wc_price][et_pb_wc_description _builder_version=\u00a0\u00bb4.16&Prime; global_colors_info=\u00a0\u00bb{}\u00a0\u00bb][\/et_pb_wc_description][et_pb_wc_add_to_cart _builder_version=\u00a0\u00bb4.16&Prime; global_colors_info=\u00a0\u00bb{}\u00a0\u00bb][\/et_pb_wc_add_to_cart][\/et_pb_column][\/et_pb_row][et_pb_row _builder_version=\u00a0\u00bb4.16&Prime; background_size=\u00a0\u00bbinitial\u00a0\u00bb background_position=\u00a0\u00bbtop_left\u00a0\u00bb background_repeat=\u00a0\u00bbrepeat\u00a0\u00bb width=\u00a0\u00bb100%\u00a0\u00bb custom_margin=\u00a0\u00bb30px||||false|false\u00a0\u00bb global_colors_info=\u00a0\u00bb{}\u00a0\u00bb][et_pb_column type=\u00a0\u00bb4_4&Prime; _builder_version=\u00a0\u00bb4.16&Prime; custom_padding=\u00a0\u00bb|||\u00a0\u00bb global_colors_info=\u00a0\u00bb{}\u00a0\u00bb custom_padding__hover=\u00a0\u00bb|||\u00a0\u00bb][et_pb_wc_tabs admin_label=\u00a0\u00bbWoo Tabs\u00a0\u00bb _builder_version=\u00a0\u00bb4.16&Prime; global_colors_info=\u00a0\u00bb{}\u00a0\u00bb] [\/et_pb_wc_tabs][et_pb_wc_upsells columns_number=\u00a0\u00bb1&Prime; admin_label=\u00a0\u00bbWoo Upsell\u00a0\u00bb _builder_version=\u00a0\u00bb4.16&Prime; title_font_size=\u00a0\u00bb10px\u00a0\u00bb global_colors_info=\u00a0\u00bb{}\u00a0\u00bb][\/et_pb_wc_upsells][et_pb_wc_related_products include_categories=\u00a0\u00bb119&Prime; admin_label=\u00a0\u00bbWoo Produits connexes\u00a0\u00bb _builder_version=\u00a0\u00bb4.27.6&Prime; global_colors_info=\u00a0\u00bb{}\u00a0\u00bb][\/et_pb_wc_related_products][\/et_pb_column][\/et_pb_row][\/et_pb_section]<\/p>\n","protected":false},"excerpt":{"rendered":"<p>Brume d&rsquo;oreiller &#8211; Polyvalente, elle s\u2019utilise pour rafra\u00eechir et parfumer le linge de\u00a0maison, en laissant une senteur d\u00e9licate et durable. Non tachante,\u00a0cette brume devient votre alli\u00e9e pour cr\u00e9er un rituel relaxant.<\/p>\n","protected":false},"featured_media":2943,"template":"","meta":{"_et_pb_use_builder":"on","_et_pb_old_content":"Caract\u00e9ristiques : Flacon PET\r\n\r\nIngr\u00e9dients :\r\n<b>MIEL : <\/b>alcohol denat., aqua (water), parfum, benzyl benzoate, coumarin, limonene, linalool\r\n<b>VERVEINE :\u00a0<\/b><b><\/b>Contient : alcohol denat., aqua (water), litsea cubeba fruit oil, alpha terpinene, beta\u00a0caryophyllene, citral, citronellol, geraniol, limonene, linalool, pinene (alpha\/beta), terpineol,\u00a0terpinolene.\r\n<b>FEUILLE DE FIGUIER : <\/b>Contient : alcohol denat., aqua (water), parfum (fragrance), lavandula hybrida oil, alpha-pinene, benzyl alcohol, beta-caryophyllene, citral, citronellol, coumarin, farnesol, geraniol,\u00a0limonene, linalool.","_et_gb_content_width":"","_eb_attr":""},"product_brand":[],"product_cat":[120,117],"product_tag":[50,52,51,21],"class_list":{"0":"post-2906","1":"product","2":"type-product","3":"status-publish","4":"has-post-thumbnail","6":"product_cat-bien-etre","7":"product_cat-otel","8":"product_tag-liquide","9":"product_tag-olive","10":"product_tag-pompe","11":"product_tag-savon","13":"first","14":"instock","15":"shipping-taxable","16":"purchasable","17":"product-type-variable","18":"has-default-attributes"},"yoast_head":"<!-- This site is optimized with the Yoast SEO plugin v27.4 - https:\/\/yoast.com\/product\/yoast-seo-wordpress\/ -->\n<title>Brume - Sapernelle<\/title>\n<meta name=\"description\" content=\"Une brume d&#039;oreiller pour offrir une exp\u00e9rience de d\u00e9tente et de relaxation inou\u00efe \u00e0 votre client\u00e8le qui se souviendra longtemps de cette parenth\u00e8se.\" \/>\n<meta name=\"robots\" content=\"index, follow, max-snippet:-1, max-image-preview:large, max-video-preview:-1\" \/>\n<link rel=\"canonical\" href=\"https:\/\/sapernelle.com\/index.php\/produit\/brume\/\" \/>\n<meta property=\"og:locale\" content=\"fr_FR\" \/>\n<meta property=\"og:type\" content=\"article\" \/>\n<meta property=\"og:title\" content=\"Brume - Sapernelle\" \/>\n<meta property=\"og:description\" content=\"Une brume d&#039;oreiller pour offrir une exp\u00e9rience de d\u00e9tente et de relaxation inou\u00efe \u00e0 votre client\u00e8le qui se souviendra longtemps de cette parenth\u00e8se.\" \/>\n<meta property=\"og:url\" content=\"https:\/\/sapernelle.com\/index.php\/produit\/brume\/\" \/>\n<meta property=\"og:site_name\" content=\"Sapernelle\" \/>\n<meta property=\"article:modified_time\" content=\"2026-04-23T13:12:43+00:00\" \/>\n<meta property=\"og:image\" content=\"https:\/\/sapernelle.com\/wp-content\/uploads\/2026\/04\/brume-miel.webp\" \/>\n\t<meta property=\"og:image:width\" content=\"1434\" \/>\n\t<meta property=\"og:image:height\" content=\"1434\" \/>\n\t<meta property=\"og:image:type\" content=\"image\/webp\" \/>\n<meta name=\"twitter:card\" content=\"summary_large_image\" \/>\n<meta name=\"twitter:label1\" content=\"Dur\u00e9e de lecture estim\u00e9e\" \/>\n\t<meta name=\"twitter:data1\" content=\"1 minute\" \/>\n<script type=\"application\/ld+json\" class=\"yoast-schema-graph\">{\"@context\":\"https:\\\/\\\/schema.org\",\"@graph\":[{\"@type\":\"WebPage\",\"@id\":\"https:\\\/\\\/sapernelle.com\\\/index.php\\\/produit\\\/brume\\\/\",\"url\":\"https:\\\/\\\/sapernelle.com\\\/index.php\\\/produit\\\/brume\\\/\",\"name\":\"Brume - Sapernelle\",\"isPartOf\":{\"@id\":\"https:\\\/\\\/sapernelle.com\\\/#website\"},\"primaryImageOfPage\":{\"@id\":\"https:\\\/\\\/sapernelle.com\\\/index.php\\\/produit\\\/brume\\\/#primaryimage\"},\"image\":{\"@id\":\"https:\\\/\\\/sapernelle.com\\\/index.php\\\/produit\\\/brume\\\/#primaryimage\"},\"thumbnailUrl\":\"https:\\\/\\\/sapernelle.com\\\/wp-content\\\/uploads\\\/2026\\\/04\\\/brume-miel.webp\",\"datePublished\":\"2026-04-02T15:49:10+00:00\",\"dateModified\":\"2026-04-23T13:12:43+00:00\",\"description\":\"Une brume d'oreiller pour offrir une exp\u00e9rience de d\u00e9tente et de relaxation inou\u00efe \u00e0 votre client\u00e8le qui se souviendra longtemps de cette parenth\u00e8se.\",\"breadcrumb\":{\"@id\":\"https:\\\/\\\/sapernelle.com\\\/index.php\\\/produit\\\/brume\\\/#breadcrumb\"},\"inLanguage\":\"fr-FR\",\"potentialAction\":[{\"@type\":\"ReadAction\",\"target\":[\"https:\\\/\\\/sapernelle.com\\\/index.php\\\/produit\\\/brume\\\/\"]}]},{\"@type\":\"ImageObject\",\"inLanguage\":\"fr-FR\",\"@id\":\"https:\\\/\\\/sapernelle.com\\\/index.php\\\/produit\\\/brume\\\/#primaryimage\",\"url\":\"https:\\\/\\\/sapernelle.com\\\/wp-content\\\/uploads\\\/2026\\\/04\\\/brume-miel.webp\",\"contentUrl\":\"https:\\\/\\\/sapernelle.com\\\/wp-content\\\/uploads\\\/2026\\\/04\\\/brume-miel.webp\",\"width\":1434,\"height\":1434,\"caption\":\"brume oreiller\"},{\"@type\":\"BreadcrumbList\",\"@id\":\"https:\\\/\\\/sapernelle.com\\\/index.php\\\/produit\\\/brume\\\/#breadcrumb\",\"itemListElement\":[{\"@type\":\"ListItem\",\"position\":1,\"name\":\"Accueil\",\"item\":\"https:\\\/\\\/sapernelle.com\\\/\"},{\"@type\":\"ListItem\",\"position\":2,\"name\":\"Les Savons\",\"item\":\"https:\\\/\\\/sapernelle.com\\\/\"},{\"@type\":\"ListItem\",\"position\":3,\"name\":\"Brume\"}]},{\"@type\":\"WebSite\",\"@id\":\"https:\\\/\\\/sapernelle.com\\\/#website\",\"url\":\"https:\\\/\\\/sapernelle.com\\\/\",\"name\":\"Sapernelle\",\"description\":\"Savonnerie Artisanale Sapernelle en Provence\",\"potentialAction\":[{\"@type\":\"SearchAction\",\"target\":{\"@type\":\"EntryPoint\",\"urlTemplate\":\"https:\\\/\\\/sapernelle.com\\\/?s={search_term_string}\"},\"query-input\":{\"@type\":\"PropertyValueSpecification\",\"valueRequired\":true,\"valueName\":\"search_term_string\"}}],\"inLanguage\":\"fr-FR\"}]}<\/script>\n<!-- \/ Yoast SEO plugin. -->","yoast_head_json":{"title":"Brume - Sapernelle","description":"Une brume d'oreiller pour offrir une exp\u00e9rience de d\u00e9tente et de relaxation inou\u00efe \u00e0 votre client\u00e8le qui se souviendra longtemps de cette parenth\u00e8se.","robots":{"index":"index","follow":"follow","max-snippet":"max-snippet:-1","max-image-preview":"max-image-preview:large","max-video-preview":"max-video-preview:-1"},"canonical":"https:\/\/sapernelle.com\/index.php\/produit\/brume\/","og_locale":"fr_FR","og_type":"article","og_title":"Brume - Sapernelle","og_description":"Une brume d'oreiller pour offrir une exp\u00e9rience de d\u00e9tente et de relaxation inou\u00efe \u00e0 votre client\u00e8le qui se souviendra longtemps de cette parenth\u00e8se.","og_url":"https:\/\/sapernelle.com\/index.php\/produit\/brume\/","og_site_name":"Sapernelle","article_modified_time":"2026-04-23T13:12:43+00:00","og_image":[{"width":1434,"height":1434,"url":"https:\/\/sapernelle.com\/wp-content\/uploads\/2026\/04\/brume-miel.webp","type":"image\/webp"}],"twitter_card":"summary_large_image","twitter_misc":{"Dur\u00e9e de lecture estim\u00e9e":"1 minute"},"schema":{"@context":"https:\/\/schema.org","@graph":[{"@type":"WebPage","@id":"https:\/\/sapernelle.com\/index.php\/produit\/brume\/","url":"https:\/\/sapernelle.com\/index.php\/produit\/brume\/","name":"Brume - Sapernelle","isPartOf":{"@id":"https:\/\/sapernelle.com\/#website"},"primaryImageOfPage":{"@id":"https:\/\/sapernelle.com\/index.php\/produit\/brume\/#primaryimage"},"image":{"@id":"https:\/\/sapernelle.com\/index.php\/produit\/brume\/#primaryimage"},"thumbnailUrl":"https:\/\/sapernelle.com\/wp-content\/uploads\/2026\/04\/brume-miel.webp","datePublished":"2026-04-02T15:49:10+00:00","dateModified":"2026-04-23T13:12:43+00:00","description":"Une brume d'oreiller pour offrir une exp\u00e9rience de d\u00e9tente et de relaxation inou\u00efe \u00e0 votre client\u00e8le qui se souviendra longtemps de cette parenth\u00e8se.","breadcrumb":{"@id":"https:\/\/sapernelle.com\/index.php\/produit\/brume\/#breadcrumb"},"inLanguage":"fr-FR","potentialAction":[{"@type":"ReadAction","target":["https:\/\/sapernelle.com\/index.php\/produit\/brume\/"]}]},{"@type":"ImageObject","inLanguage":"fr-FR","@id":"https:\/\/sapernelle.com\/index.php\/produit\/brume\/#primaryimage","url":"https:\/\/sapernelle.com\/wp-content\/uploads\/2026\/04\/brume-miel.webp","contentUrl":"https:\/\/sapernelle.com\/wp-content\/uploads\/2026\/04\/brume-miel.webp","width":1434,"height":1434,"caption":"brume oreiller"},{"@type":"BreadcrumbList","@id":"https:\/\/sapernelle.com\/index.php\/produit\/brume\/#breadcrumb","itemListElement":[{"@type":"ListItem","position":1,"name":"Accueil","item":"https:\/\/sapernelle.com\/"},{"@type":"ListItem","position":2,"name":"Les Savons","item":"https:\/\/sapernelle.com\/"},{"@type":"ListItem","position":3,"name":"Brume"}]},{"@type":"WebSite","@id":"https:\/\/sapernelle.com\/#website","url":"https:\/\/sapernelle.com\/","name":"Sapernelle","description":"Savonnerie Artisanale Sapernelle en Provence","potentialAction":[{"@type":"SearchAction","target":{"@type":"EntryPoint","urlTemplate":"https:\/\/sapernelle.com\/?s={search_term_string}"},"query-input":{"@type":"PropertyValueSpecification","valueRequired":true,"valueName":"search_term_string"}}],"inLanguage":"fr-FR"}]}},"_links":{"self":[{"href":"https:\/\/sapernelle.com\/index.php\/wp-json\/wp\/v2\/product\/2906","targetHints":{"allow":["GET"]}}],"collection":[{"href":"https:\/\/sapernelle.com\/index.php\/wp-json\/wp\/v2\/product"}],"about":[{"href":"https:\/\/sapernelle.com\/index.php\/wp-json\/wp\/v2\/types\/product"}],"wp:featuredmedia":[{"embeddable":true,"href":"https:\/\/sapernelle.com\/index.php\/wp-json\/wp\/v2\/media\/2943"}],"wp:attachment":[{"href":"https:\/\/sapernelle.com\/index.php\/wp-json\/wp\/v2\/media?parent=2906"}],"wp:term":[{"taxonomy":"product_brand","embeddable":true,"href":"https:\/\/sapernelle.com\/index.php\/wp-json\/wp\/v2\/product_brand?post=2906"},{"taxonomy":"product_cat","embeddable":true,"href":"https:\/\/sapernelle.com\/index.php\/wp-json\/wp\/v2\/product_cat?post=2906"},{"taxonomy":"product_tag","embeddable":true,"href":"https:\/\/sapernelle.com\/index.php\/wp-json\/wp\/v2\/product_tag?post=2906"}],"curies":[{"name":"wp","href":"https:\/\/api.w.org\/{rel}","templated":true}]}}