{"id":2365,"date":"2025-10-02T13:57:23","date_gmt":"2025-10-02T11:57:23","guid":{"rendered":"https:\/\/sapernelle.com\/?post_type=product&#038;p=2365"},"modified":"2026-03-10T13:58:53","modified_gmt":"2026-03-10T12:58:53","slug":"coffret-cocon-2","status":"publish","type":"product","link":"https:\/\/sapernelle.com\/index.php\/produit\/coffret-cocon-2\/","title":{"rendered":"Coffret \u00ab\u00a0Cocon\u00a0\u00bb"},"content":{"rendered":"<p>[et_pb_section fb_built=\u00a0\u00bb1&Prime; _builder_version=\u00a0\u00bb4.16&Prime; custom_padding=\u00a0\u00bb0px||||false|false\u00a0\u00bb global_colors_info=\u00a0\u00bb{}\u00a0\u00bb][et_pb_row _builder_version=\u00a0\u00bb4.16&Prime; background_size=\u00a0\u00bbinitial\u00a0\u00bb background_position=\u00a0\u00bbtop_left\u00a0\u00bb background_repeat=\u00a0\u00bbrepeat\u00a0\u00bb width=\u00a0\u00bb100%\u00a0\u00bb custom_padding=\u00a0\u00bb0px||0px||false|false\u00a0\u00bb global_colors_info=\u00a0\u00bb{}\u00a0\u00bb][et_pb_column type=\u00a0\u00bb4_4&Prime; _builder_version=\u00a0\u00bb4.16&Prime; custom_padding=\u00a0\u00bb|||\u00a0\u00bb global_colors_info=\u00a0\u00bb{}\u00a0\u00bb custom_padding__hover=\u00a0\u00bb|||\u00a0\u00bb][et_pb_wc_cart_notice _builder_version=\u00a0\u00bb4.16&Prime; global_colors_info=\u00a0\u00bb{}\u00a0\u00bb][\/et_pb_wc_cart_notice][\/et_pb_column][\/et_pb_row][et_pb_row column_structure=\u00a0\u00bb1_2,1_2&Prime; _builder_version=\u00a0\u00bb4.16&Prime; background_size=\u00a0\u00bbinitial\u00a0\u00bb background_position=\u00a0\u00bbtop_left\u00a0\u00bb background_repeat=\u00a0\u00bbrepeat\u00a0\u00bb width=\u00a0\u00bb100%\u00a0\u00bb custom_padding=\u00a0\u00bb0px||||false|false\u00a0\u00bb global_colors_info=\u00a0\u00bb{}\u00a0\u00bb][et_pb_column type=\u00a0\u00bb1_2&Prime; _builder_version=\u00a0\u00bb4.16&Prime; custom_padding=\u00a0\u00bb|||\u00a0\u00bb global_colors_info=\u00a0\u00bb{}\u00a0\u00bb custom_padding__hover=\u00a0\u00bb|||\u00a0\u00bb][et_pb_wc_images _builder_version=\u00a0\u00bb4.16&Prime; global_colors_info=\u00a0\u00bb{}\u00a0\u00bb][\/et_pb_wc_images][\/et_pb_column][et_pb_column type=\u00a0\u00bb1_2&Prime; _builder_version=\u00a0\u00bb4.16&Prime; custom_padding=\u00a0\u00bb|||\u00a0\u00bb global_colors_info=\u00a0\u00bb{}\u00a0\u00bb custom_padding__hover=\u00a0\u00bb|||\u00a0\u00bb][et_pb_wc_title _builder_version=\u00a0\u00bb4.16&Prime; global_colors_info=\u00a0\u00bb{}\u00a0\u00bb][\/et_pb_wc_title][et_pb_wc_price _builder_version=\u00a0\u00bb4.16&Prime; global_colors_info=\u00a0\u00bb{}\u00a0\u00bb][\/et_pb_wc_price][et_pb_wc_description _builder_version=\u00a0\u00bb4.16&Prime; global_colors_info=\u00a0\u00bb{}\u00a0\u00bb][\/et_pb_wc_description][et_pb_wc_add_to_cart _builder_version=\u00a0\u00bb4.16&Prime; global_colors_info=\u00a0\u00bb{}\u00a0\u00bb][\/et_pb_wc_add_to_cart][\/et_pb_column][\/et_pb_row][et_pb_row _builder_version=\u00a0\u00bb4.16&Prime; background_size=\u00a0\u00bbinitial\u00a0\u00bb background_position=\u00a0\u00bbtop_left\u00a0\u00bb background_repeat=\u00a0\u00bbrepeat\u00a0\u00bb width=\u00a0\u00bb100%\u00a0\u00bb custom_margin=\u00a0\u00bb30px||||false|false\u00a0\u00bb global_colors_info=\u00a0\u00bb{}\u00a0\u00bb][et_pb_column type=\u00a0\u00bb4_4&Prime; _builder_version=\u00a0\u00bb4.16&Prime; custom_padding=\u00a0\u00bb|||\u00a0\u00bb global_colors_info=\u00a0\u00bb{}\u00a0\u00bb custom_padding__hover=\u00a0\u00bb|||\u00a0\u00bb][et_pb_wc_tabs admin_label=\u00a0\u00bbWoo Tabs\u00a0\u00bb _builder_version=\u00a0\u00bb4.16&Prime; global_colors_info=\u00a0\u00bb{}\u00a0\u00bb]\t\t\t\t\t[\/et_pb_wc_tabs][et_pb_wc_upsells columns_number=\u00a0\u00bb1&Prime; admin_label=\u00a0\u00bbWoo Upsell\u00a0\u00bb _builder_version=\u00a0\u00bb4.16&Prime; title_font_size=\u00a0\u00bb10px\u00a0\u00bb global_colors_info=\u00a0\u00bb{}\u00a0\u00bb][\/et_pb_wc_upsells][et_pb_wc_related_products admin_label=\u00a0\u00bbWoo Produits connexes\u00a0\u00bb _builder_version=\u00a0\u00bb4.16&Prime; global_colors_info=\u00a0\u00bb{}\u00a0\u00bb][\/et_pb_wc_related_products][\/et_pb_column][\/et_pb_row][\/et_pb_section]<\/p>\n","protected":false},"excerpt":{"rendered":"<p>Notre coffret cadeau Cocon est une invitation \u00e0 la d\u00e9tente et au soin de soi.<\/p>\n<p>\u00c0 l\u2019int\u00e9rieur, retrouvez une s\u00e9lection de nos essentiels :<\/p>\n<p>un savon liquide, un savon solide, un baume nourrissant et un parfum de tiroir<\/p>\n<p>Ce coffret est un cadeau unique et personnalisable car il peut \u00eatre adapt\u00e9 selon vos envies et vos senteurs pr\u00e9f\u00e9r\u00e9es.<\/p>\n<p>Parfait pour toutes les occasions (anniversaire, f\u00eate, remerciement, ou juste pour se faire plaisir), le coffret Cocon est une bulle de bien-\u00eatre pr\u00eate \u00e0 offrir.<\/p>\n","protected":false},"featured_media":2120,"template":"","meta":{"_et_pb_use_builder":"on","_et_pb_old_content":"","_et_gb_content_width":"","_eb_attr":""},"product_brand":[],"product_cat":[104,113],"product_tag":[34],"class_list":{"0":"post-2365","1":"product","2":"type-product","3":"status-publish","4":"has-post-thumbnail","6":"product_cat-coffret-cadeaux","7":"product_cat-noel-page-daccueil","8":"product_tag-savon-bicolore","10":"first","11":"instock","12":"shipping-taxable","13":"purchasable","14":"product-type-variable"},"yoast_head":"<!-- This site is optimized with the Yoast SEO plugin v27.4 - https:\/\/yoast.com\/product\/yoast-seo-wordpress\/ -->\n<title>Coffret &quot;Cocon&quot; - Sapernelle<\/title>\n<meta name=\"robots\" content=\"index, follow, max-snippet:-1, max-image-preview:large, max-video-preview:-1\" \/>\n<link rel=\"canonical\" href=\"https:\/\/sapernelle.com\/index.php\/produit\/coffret-cocon-2\/\" \/>\n<meta property=\"og:locale\" content=\"fr_FR\" \/>\n<meta property=\"og:type\" content=\"article\" \/>\n<meta property=\"og:title\" content=\"Coffret &quot;Cocon&quot; - Sapernelle\" \/>\n<meta property=\"og:description\" content=\"Notre coffret cadeau Cocon est une invitation \u00e0 la d\u00e9tente et au soin de soi.  \u00c0 l\u2019int\u00e9rieur, retrouvez une s\u00e9lection de nos essentiels :  un savon liquide, un savon solide, un baume nourrissant et un parfum de tiroir  Ce coffret est un cadeau unique et personnalisable car il peut \u00eatre adapt\u00e9 selon vos envies et vos senteurs pr\u00e9f\u00e9r\u00e9es.  Parfait pour toutes les occasions (anniversaire, f\u00eate, remerciement, ou juste pour se faire plaisir), le coffret Cocon est une bulle de bien-\u00eatre pr\u00eate \u00e0 offrir.\" \/>\n<meta property=\"og:url\" content=\"https:\/\/sapernelle.com\/index.php\/produit\/coffret-cocon-2\/\" \/>\n<meta property=\"og:site_name\" content=\"Sapernelle\" \/>\n<meta property=\"article:modified_time\" content=\"2026-03-10T12:58:53+00:00\" \/>\n<meta property=\"og:image\" content=\"https:\/\/sapernelle.com\/wp-content\/uploads\/2024\/12\/coffret-cocon-2.webp\" \/>\n\t<meta property=\"og:image:width\" content=\"2419\" \/>\n\t<meta property=\"og:image:height\" content=\"2419\" \/>\n\t<meta property=\"og:image:type\" content=\"image\/webp\" \/>\n<meta name=\"twitter:card\" content=\"summary_large_image\" \/>\n<meta name=\"twitter:label1\" content=\"Dur\u00e9e de lecture estim\u00e9e\" \/>\n\t<meta name=\"twitter:data1\" content=\"1 minute\" \/>\n<script type=\"application\/ld+json\" class=\"yoast-schema-graph\">{\"@context\":\"https:\\\/\\\/schema.org\",\"@graph\":[{\"@type\":\"WebPage\",\"@id\":\"https:\\\/\\\/sapernelle.com\\\/index.php\\\/produit\\\/coffret-cocon-2\\\/\",\"url\":\"https:\\\/\\\/sapernelle.com\\\/index.php\\\/produit\\\/coffret-cocon-2\\\/\",\"name\":\"Coffret \\\"Cocon\\\" - Sapernelle\",\"isPartOf\":{\"@id\":\"https:\\\/\\\/sapernelle.com\\\/#website\"},\"primaryImageOfPage\":{\"@id\":\"https:\\\/\\\/sapernelle.com\\\/index.php\\\/produit\\\/coffret-cocon-2\\\/#primaryimage\"},\"image\":{\"@id\":\"https:\\\/\\\/sapernelle.com\\\/index.php\\\/produit\\\/coffret-cocon-2\\\/#primaryimage\"},\"thumbnailUrl\":\"https:\\\/\\\/sapernelle.com\\\/wp-content\\\/uploads\\\/2024\\\/12\\\/coffret-cocon-2.webp\",\"datePublished\":\"2025-10-02T11:57:23+00:00\",\"dateModified\":\"2026-03-10T12:58:53+00:00\",\"breadcrumb\":{\"@id\":\"https:\\\/\\\/sapernelle.com\\\/index.php\\\/produit\\\/coffret-cocon-2\\\/#breadcrumb\"},\"inLanguage\":\"fr-FR\",\"potentialAction\":[{\"@type\":\"ReadAction\",\"target\":[\"https:\\\/\\\/sapernelle.com\\\/index.php\\\/produit\\\/coffret-cocon-2\\\/\"]}]},{\"@type\":\"ImageObject\",\"inLanguage\":\"fr-FR\",\"@id\":\"https:\\\/\\\/sapernelle.com\\\/index.php\\\/produit\\\/coffret-cocon-2\\\/#primaryimage\",\"url\":\"https:\\\/\\\/sapernelle.com\\\/wp-content\\\/uploads\\\/2024\\\/12\\\/coffret-cocon-2.webp\",\"contentUrl\":\"https:\\\/\\\/sapernelle.com\\\/wp-content\\\/uploads\\\/2024\\\/12\\\/coffret-cocon-2.webp\",\"width\":2419,\"height\":2419,\"caption\":\"coffret cocon 2\"},{\"@type\":\"BreadcrumbList\",\"@id\":\"https:\\\/\\\/sapernelle.com\\\/index.php\\\/produit\\\/coffret-cocon-2\\\/#breadcrumb\",\"itemListElement\":[{\"@type\":\"ListItem\",\"position\":1,\"name\":\"Accueil\",\"item\":\"https:\\\/\\\/sapernelle.com\\\/\"},{\"@type\":\"ListItem\",\"position\":2,\"name\":\"Les Savons\",\"item\":\"https:\\\/\\\/sapernelle.com\\\/\"},{\"@type\":\"ListItem\",\"position\":3,\"name\":\"Coffret \u00ab\u00a0Cocon\u00a0\u00bb\"}]},{\"@type\":\"WebSite\",\"@id\":\"https:\\\/\\\/sapernelle.com\\\/#website\",\"url\":\"https:\\\/\\\/sapernelle.com\\\/\",\"name\":\"Sapernelle\",\"description\":\"Savonnerie Artisanale Sapernelle en Provence\",\"potentialAction\":[{\"@type\":\"SearchAction\",\"target\":{\"@type\":\"EntryPoint\",\"urlTemplate\":\"https:\\\/\\\/sapernelle.com\\\/?s={search_term_string}\"},\"query-input\":{\"@type\":\"PropertyValueSpecification\",\"valueRequired\":true,\"valueName\":\"search_term_string\"}}],\"inLanguage\":\"fr-FR\"}]}<\/script>\n<!-- \/ Yoast SEO plugin. -->","yoast_head_json":{"title":"Coffret \"Cocon\" - Sapernelle","robots":{"index":"index","follow":"follow","max-snippet":"max-snippet:-1","max-image-preview":"max-image-preview:large","max-video-preview":"max-video-preview:-1"},"canonical":"https:\/\/sapernelle.com\/index.php\/produit\/coffret-cocon-2\/","og_locale":"fr_FR","og_type":"article","og_title":"Coffret \"Cocon\" - Sapernelle","og_description":"Notre coffret cadeau Cocon est une invitation \u00e0 la d\u00e9tente et au soin de soi.  \u00c0 l\u2019int\u00e9rieur, retrouvez une s\u00e9lection de nos essentiels :  un savon liquide, un savon solide, un baume nourrissant et un parfum de tiroir  Ce coffret est un cadeau unique et personnalisable car il peut \u00eatre adapt\u00e9 selon vos envies et vos senteurs pr\u00e9f\u00e9r\u00e9es.  Parfait pour toutes les occasions (anniversaire, f\u00eate, remerciement, ou juste pour se faire plaisir), le coffret Cocon est une bulle de bien-\u00eatre pr\u00eate \u00e0 offrir.","og_url":"https:\/\/sapernelle.com\/index.php\/produit\/coffret-cocon-2\/","og_site_name":"Sapernelle","article_modified_time":"2026-03-10T12:58:53+00:00","og_image":[{"width":2419,"height":2419,"url":"https:\/\/sapernelle.com\/wp-content\/uploads\/2024\/12\/coffret-cocon-2.webp","type":"image\/webp"}],"twitter_card":"summary_large_image","twitter_misc":{"Dur\u00e9e de lecture estim\u00e9e":"1 minute"},"schema":{"@context":"https:\/\/schema.org","@graph":[{"@type":"WebPage","@id":"https:\/\/sapernelle.com\/index.php\/produit\/coffret-cocon-2\/","url":"https:\/\/sapernelle.com\/index.php\/produit\/coffret-cocon-2\/","name":"Coffret \"Cocon\" - Sapernelle","isPartOf":{"@id":"https:\/\/sapernelle.com\/#website"},"primaryImageOfPage":{"@id":"https:\/\/sapernelle.com\/index.php\/produit\/coffret-cocon-2\/#primaryimage"},"image":{"@id":"https:\/\/sapernelle.com\/index.php\/produit\/coffret-cocon-2\/#primaryimage"},"thumbnailUrl":"https:\/\/sapernelle.com\/wp-content\/uploads\/2024\/12\/coffret-cocon-2.webp","datePublished":"2025-10-02T11:57:23+00:00","dateModified":"2026-03-10T12:58:53+00:00","breadcrumb":{"@id":"https:\/\/sapernelle.com\/index.php\/produit\/coffret-cocon-2\/#breadcrumb"},"inLanguage":"fr-FR","potentialAction":[{"@type":"ReadAction","target":["https:\/\/sapernelle.com\/index.php\/produit\/coffret-cocon-2\/"]}]},{"@type":"ImageObject","inLanguage":"fr-FR","@id":"https:\/\/sapernelle.com\/index.php\/produit\/coffret-cocon-2\/#primaryimage","url":"https:\/\/sapernelle.com\/wp-content\/uploads\/2024\/12\/coffret-cocon-2.webp","contentUrl":"https:\/\/sapernelle.com\/wp-content\/uploads\/2024\/12\/coffret-cocon-2.webp","width":2419,"height":2419,"caption":"coffret cocon 2"},{"@type":"BreadcrumbList","@id":"https:\/\/sapernelle.com\/index.php\/produit\/coffret-cocon-2\/#breadcrumb","itemListElement":[{"@type":"ListItem","position":1,"name":"Accueil","item":"https:\/\/sapernelle.com\/"},{"@type":"ListItem","position":2,"name":"Les Savons","item":"https:\/\/sapernelle.com\/"},{"@type":"ListItem","position":3,"name":"Coffret \u00ab\u00a0Cocon\u00a0\u00bb"}]},{"@type":"WebSite","@id":"https:\/\/sapernelle.com\/#website","url":"https:\/\/sapernelle.com\/","name":"Sapernelle","description":"Savonnerie Artisanale Sapernelle en Provence","potentialAction":[{"@type":"SearchAction","target":{"@type":"EntryPoint","urlTemplate":"https:\/\/sapernelle.com\/?s={search_term_string}"},"query-input":{"@type":"PropertyValueSpecification","valueRequired":true,"valueName":"search_term_string"}}],"inLanguage":"fr-FR"}]}},"_links":{"self":[{"href":"https:\/\/sapernelle.com\/index.php\/wp-json\/wp\/v2\/product\/2365","targetHints":{"allow":["GET"]}}],"collection":[{"href":"https:\/\/sapernelle.com\/index.php\/wp-json\/wp\/v2\/product"}],"about":[{"href":"https:\/\/sapernelle.com\/index.php\/wp-json\/wp\/v2\/types\/product"}],"wp:featuredmedia":[{"embeddable":true,"href":"https:\/\/sapernelle.com\/index.php\/wp-json\/wp\/v2\/media\/2120"}],"wp:attachment":[{"href":"https:\/\/sapernelle.com\/index.php\/wp-json\/wp\/v2\/media?parent=2365"}],"wp:term":[{"taxonomy":"product_brand","embeddable":true,"href":"https:\/\/sapernelle.com\/index.php\/wp-json\/wp\/v2\/product_brand?post=2365"},{"taxonomy":"product_cat","embeddable":true,"href":"https:\/\/sapernelle.com\/index.php\/wp-json\/wp\/v2\/product_cat?post=2365"},{"taxonomy":"product_tag","embeddable":true,"href":"https:\/\/sapernelle.com\/index.php\/wp-json\/wp\/v2\/product_tag?post=2365"}],"curies":[{"name":"wp","href":"https:\/\/api.w.org\/{rel}","templated":true}]}}