{"id":1907,"date":"2025-01-10T11:54:51","date_gmt":"2025-01-10T10:54:51","guid":{"rendered":"https:\/\/sapernelle.com\/?post_type=product&#038;p=1907"},"modified":"2025-10-13T11:28:04","modified_gmt":"2025-10-13T09:28:04","slug":"n23-savon-douche-miel","status":"publish","type":"product","link":"https:\/\/sapernelle.com\/index.php\/produit\/n23-savon-douche-miel\/","title":{"rendered":"n\u00b023 Savon Douche Miel"},"content":{"rendered":"<p>[et_pb_section fb_built=\u00a0\u00bb1&Prime; _builder_version=\u00a0\u00bb4.16&Prime; custom_padding=\u00a0\u00bb0px||||false|false\u00a0\u00bb global_colors_info=\u00a0\u00bb{}\u00a0\u00bb][et_pb_row _builder_version=\u00a0\u00bb4.16&Prime; background_size=\u00a0\u00bbinitial\u00a0\u00bb background_position=\u00a0\u00bbtop_left\u00a0\u00bb background_repeat=\u00a0\u00bbrepeat\u00a0\u00bb width=\u00a0\u00bb100%\u00a0\u00bb custom_padding=\u00a0\u00bb0px||0px||false|false\u00a0\u00bb global_colors_info=\u00a0\u00bb{}\u00a0\u00bb][et_pb_column type=\u00a0\u00bb4_4&Prime; _builder_version=\u00a0\u00bb4.16&Prime; custom_padding=\u00a0\u00bb|||\u00a0\u00bb global_colors_info=\u00a0\u00bb{}\u00a0\u00bb custom_padding__hover=\u00a0\u00bb|||\u00a0\u00bb][et_pb_wc_cart_notice _builder_version=\u00a0\u00bb4.16&Prime; global_colors_info=\u00a0\u00bb{}\u00a0\u00bb][\/et_pb_wc_cart_notice][\/et_pb_column][\/et_pb_row][et_pb_row column_structure=\u00a0\u00bb1_2,1_2&Prime; _builder_version=\u00a0\u00bb4.16&Prime; background_size=\u00a0\u00bbinitial\u00a0\u00bb background_position=\u00a0\u00bbtop_left\u00a0\u00bb background_repeat=\u00a0\u00bbrepeat\u00a0\u00bb width=\u00a0\u00bb100%\u00a0\u00bb custom_padding=\u00a0\u00bb0px||||false|false\u00a0\u00bb global_colors_info=\u00a0\u00bb{}\u00a0\u00bb][et_pb_column type=\u00a0\u00bb1_2&Prime; _builder_version=\u00a0\u00bb4.16&Prime; custom_padding=\u00a0\u00bb|||\u00a0\u00bb global_colors_info=\u00a0\u00bb{}\u00a0\u00bb custom_padding__hover=\u00a0\u00bb|||\u00a0\u00bb][et_pb_wc_images _builder_version=\u00a0\u00bb4.16&Prime; global_colors_info=\u00a0\u00bb{}\u00a0\u00bb][\/et_pb_wc_images][\/et_pb_column][et_pb_column type=\u00a0\u00bb1_2&Prime; _builder_version=\u00a0\u00bb4.16&Prime; custom_padding=\u00a0\u00bb|||\u00a0\u00bb global_colors_info=\u00a0\u00bb{}\u00a0\u00bb custom_padding__hover=\u00a0\u00bb|||\u00a0\u00bb][et_pb_wc_title _builder_version=\u00a0\u00bb4.16&Prime; header_font=\u00a0\u00bb||||||||\u00a0\u00bb header_text_align=\u00a0\u00bbleft\u00a0\u00bb header_line_height=\u00a0\u00bb2em\u00a0\u00bb global_colors_info=\u00a0\u00bb{}\u00a0\u00bb][\/et_pb_wc_title][et_pb_wc_price _builder_version=\u00a0\u00bb4.16&Prime; global_colors_info=\u00a0\u00bb{}\u00a0\u00bb][\/et_pb_wc_price][et_pb_wc_description _builder_version=\u00a0\u00bb4.16&Prime; global_colors_info=\u00a0\u00bb{}\u00a0\u00bb][\/et_pb_wc_description][et_pb_wc_add_to_cart _builder_version=\u00a0\u00bb4.16&Prime; global_colors_info=\u00a0\u00bb{}\u00a0\u00bb][\/et_pb_wc_add_to_cart][\/et_pb_column][\/et_pb_row][et_pb_row _builder_version=\u00a0\u00bb4.16&Prime; background_size=\u00a0\u00bbinitial\u00a0\u00bb background_position=\u00a0\u00bbtop_left\u00a0\u00bb background_repeat=\u00a0\u00bbrepeat\u00a0\u00bb width=\u00a0\u00bb100%\u00a0\u00bb custom_margin=\u00a0\u00bb30px||||false|false\u00a0\u00bb global_colors_info=\u00a0\u00bb{}\u00a0\u00bb][et_pb_column type=\u00a0\u00bb4_4&Prime; _builder_version=\u00a0\u00bb4.16&Prime; custom_padding=\u00a0\u00bb|||\u00a0\u00bb global_colors_info=\u00a0\u00bb{}\u00a0\u00bb custom_padding__hover=\u00a0\u00bb|||\u00a0\u00bb][et_pb_wc_tabs admin_label=\u00a0\u00bbWoo Tabs\u00a0\u00bb _builder_version=\u00a0\u00bb4.16&Prime; global_colors_info=\u00a0\u00bb{}\u00a0\u00bb] [\/et_pb_wc_tabs][et_pb_wc_upsells columns_number=\u00a0\u00bb1&Prime; admin_label=\u00a0\u00bbWoo Upsell\u00a0\u00bb _builder_version=\u00a0\u00bb4.16&Prime; title_font_size=\u00a0\u00bb10px\u00a0\u00bb global_colors_info=\u00a0\u00bb{}\u00a0\u00bb][\/et_pb_wc_upsells][et_pb_wc_related_products admin_label=\u00a0\u00bbWoo Produits connexes\u00a0\u00bb _builder_version=\u00a0\u00bb4.16&Prime; global_colors_info=\u00a0\u00bb{}\u00a0\u00bb][\/et_pb_wc_related_products][\/et_pb_column][\/et_pb_row][\/et_pb_section]<\/p>\n","protected":false},"excerpt":{"rendered":"<p>La gourmandise de la senteur miel vous enveloppera de douceur lors de votre douche. Ce savon \u00e0 la texture \u00ab\u00a0gel\u00a0\u00bb, formul\u00e9 \u00e0 base d\u2019huile d\u2019olive, d\u2019huile de tournesol et d\u2019huile de coco est id\u00e9al pour <strong>tous les types de peaux<\/strong>.<\/p>\n","protected":false},"featured_media":2163,"template":"","meta":{"_et_pb_use_builder":"on","_et_pb_old_content":"Caract\u00e9ristiques : Flacon verre (250ml \/ 500ml) ou plastique (1L), avec ou sans pompe de distribution, \u00e9tiquette en papier recycl\u00e9 et recyclable. En termes de dur\u00e9e d\u2019utilisation, un savon douche de 250mL \u00e9quivaut \u00e0 un savon solide de 100g.\r\n\r\nIngr\u00e9dients : Aqua, Potassium Olivate, Glycerin, Potassium Cocoate, Mel Parfum, Cyamopsis, Tetragonoloba Gum, Potassium Carbonate, Citric Acid, Potassium Hydroxide, Anise Alcohol, Benzyl Benzoate, Coumarin, Citronellal, Limonene, Eugenol, Hydroxycitronellal, Linalool.\r\n\r\n&nbsp;\r\n<div class=\"et_pb_module et_pb_wc_tabs et_pb_wc_tabs_0 et_pb_tabs \">\r\n<div class=\"et_pb_all_tabs\">\r\n<div class=\"et_pb_tab clearfix et_pb_active_content et-pb-active-slide\">\r\n<div class=\"et_pb_tab_content\">\r\n\r\n&nbsp;\r\n\r\n<\/div>\r\n<\/div>\r\n<\/div>\r\n<\/div>","_et_gb_content_width":"","_eb_attr":""},"product_brand":[],"product_cat":[15,18],"product_tag":[50,52,51,21],"class_list":{"0":"post-1907","1":"product","2":"type-product","3":"status-publish","4":"has-post-thumbnail","6":"product_cat-savon","7":"product_cat-savon_liquide","8":"product_tag-liquide","9":"product_tag-olive","10":"product_tag-pompe","11":"product_tag-savon","13":"first","14":"instock","15":"shipping-taxable","16":"purchasable","17":"product-type-variable"},"yoast_head":"<!-- This site is optimized with the Yoast SEO plugin v27.4 - https:\/\/yoast.com\/product\/yoast-seo-wordpress\/ -->\n<title>n\u00b023 Savon Douche Miel - Sapernelle<\/title>\n<meta name=\"robots\" content=\"index, follow, max-snippet:-1, max-image-preview:large, max-video-preview:-1\" \/>\n<link rel=\"canonical\" href=\"https:\/\/sapernelle.com\/index.php\/produit\/n23-savon-douche-miel\/\" \/>\n<meta property=\"og:locale\" content=\"fr_FR\" \/>\n<meta property=\"og:type\" content=\"article\" \/>\n<meta property=\"og:title\" content=\"n\u00b023 Savon Douche Miel - Sapernelle\" \/>\n<meta property=\"og:description\" content=\"La gourmandise de la senteur miel vous enveloppera de douceur lors de votre douche. Ce savon \u00e0 la texture \u00ab\u00a0gel\u00a0\u00bb, formul\u00e9 \u00e0 base d\u2019huile d\u2019olive, d\u2019huile de tournesol et d\u2019huile de coco est id\u00e9al pour tous les types de peaux.\" \/>\n<meta property=\"og:url\" content=\"https:\/\/sapernelle.com\/index.php\/produit\/n23-savon-douche-miel\/\" \/>\n<meta property=\"og:site_name\" content=\"Sapernelle\" \/>\n<meta property=\"article:modified_time\" content=\"2025-10-13T09:28:04+00:00\" \/>\n<meta property=\"og:image\" content=\"https:\/\/sapernelle.com\/wp-content\/uploads\/2025\/01\/savon-liquide-bulle-miel-1.webp\" \/>\n\t<meta property=\"og:image:width\" content=\"2419\" \/>\n\t<meta property=\"og:image:height\" content=\"2419\" \/>\n\t<meta property=\"og:image:type\" content=\"image\/webp\" \/>\n<meta name=\"twitter:card\" content=\"summary_large_image\" \/>\n<meta name=\"twitter:label1\" content=\"Dur\u00e9e de lecture estim\u00e9e\" \/>\n\t<meta name=\"twitter:data1\" content=\"1 minute\" \/>\n<script type=\"application\/ld+json\" class=\"yoast-schema-graph\">{\"@context\":\"https:\\\/\\\/schema.org\",\"@graph\":[{\"@type\":\"WebPage\",\"@id\":\"https:\\\/\\\/sapernelle.com\\\/index.php\\\/produit\\\/n23-savon-douche-miel\\\/\",\"url\":\"https:\\\/\\\/sapernelle.com\\\/index.php\\\/produit\\\/n23-savon-douche-miel\\\/\",\"name\":\"n\u00b023 Savon Douche Miel - Sapernelle\",\"isPartOf\":{\"@id\":\"https:\\\/\\\/sapernelle.com\\\/#website\"},\"primaryImageOfPage\":{\"@id\":\"https:\\\/\\\/sapernelle.com\\\/index.php\\\/produit\\\/n23-savon-douche-miel\\\/#primaryimage\"},\"image\":{\"@id\":\"https:\\\/\\\/sapernelle.com\\\/index.php\\\/produit\\\/n23-savon-douche-miel\\\/#primaryimage\"},\"thumbnailUrl\":\"https:\\\/\\\/sapernelle.com\\\/wp-content\\\/uploads\\\/2025\\\/01\\\/savon-liquide-bulle-miel-1.webp\",\"datePublished\":\"2025-01-10T10:54:51+00:00\",\"dateModified\":\"2025-10-13T09:28:04+00:00\",\"breadcrumb\":{\"@id\":\"https:\\\/\\\/sapernelle.com\\\/index.php\\\/produit\\\/n23-savon-douche-miel\\\/#breadcrumb\"},\"inLanguage\":\"fr-FR\",\"potentialAction\":[{\"@type\":\"ReadAction\",\"target\":[\"https:\\\/\\\/sapernelle.com\\\/index.php\\\/produit\\\/n23-savon-douche-miel\\\/\"]}]},{\"@type\":\"ImageObject\",\"inLanguage\":\"fr-FR\",\"@id\":\"https:\\\/\\\/sapernelle.com\\\/index.php\\\/produit\\\/n23-savon-douche-miel\\\/#primaryimage\",\"url\":\"https:\\\/\\\/sapernelle.com\\\/wp-content\\\/uploads\\\/2025\\\/01\\\/savon-liquide-bulle-miel-1.webp\",\"contentUrl\":\"https:\\\/\\\/sapernelle.com\\\/wp-content\\\/uploads\\\/2025\\\/01\\\/savon-liquide-bulle-miel-1.webp\",\"width\":2419,\"height\":2419,\"caption\":\"savon liquide bulle miel\"},{\"@type\":\"BreadcrumbList\",\"@id\":\"https:\\\/\\\/sapernelle.com\\\/index.php\\\/produit\\\/n23-savon-douche-miel\\\/#breadcrumb\",\"itemListElement\":[{\"@type\":\"ListItem\",\"position\":1,\"name\":\"Accueil\",\"item\":\"https:\\\/\\\/sapernelle.com\\\/\"},{\"@type\":\"ListItem\",\"position\":2,\"name\":\"Les Savons\",\"item\":\"https:\\\/\\\/sapernelle.com\\\/\"},{\"@type\":\"ListItem\",\"position\":3,\"name\":\"n\u00b023 Savon Douche Miel\"}]},{\"@type\":\"WebSite\",\"@id\":\"https:\\\/\\\/sapernelle.com\\\/#website\",\"url\":\"https:\\\/\\\/sapernelle.com\\\/\",\"name\":\"Sapernelle\",\"description\":\"Savonnerie Artisanale Sapernelle en Provence\",\"potentialAction\":[{\"@type\":\"SearchAction\",\"target\":{\"@type\":\"EntryPoint\",\"urlTemplate\":\"https:\\\/\\\/sapernelle.com\\\/?s={search_term_string}\"},\"query-input\":{\"@type\":\"PropertyValueSpecification\",\"valueRequired\":true,\"valueName\":\"search_term_string\"}}],\"inLanguage\":\"fr-FR\"}]}<\/script>\n<!-- \/ Yoast SEO plugin. -->","yoast_head_json":{"title":"n\u00b023 Savon Douche Miel - Sapernelle","robots":{"index":"index","follow":"follow","max-snippet":"max-snippet:-1","max-image-preview":"max-image-preview:large","max-video-preview":"max-video-preview:-1"},"canonical":"https:\/\/sapernelle.com\/index.php\/produit\/n23-savon-douche-miel\/","og_locale":"fr_FR","og_type":"article","og_title":"n\u00b023 Savon Douche Miel - Sapernelle","og_description":"La gourmandise de la senteur miel vous enveloppera de douceur lors de votre douche. Ce savon \u00e0 la texture \u00ab\u00a0gel\u00a0\u00bb, formul\u00e9 \u00e0 base d\u2019huile d\u2019olive, d\u2019huile de tournesol et d\u2019huile de coco est id\u00e9al pour tous les types de peaux.","og_url":"https:\/\/sapernelle.com\/index.php\/produit\/n23-savon-douche-miel\/","og_site_name":"Sapernelle","article_modified_time":"2025-10-13T09:28:04+00:00","og_image":[{"width":2419,"height":2419,"url":"https:\/\/sapernelle.com\/wp-content\/uploads\/2025\/01\/savon-liquide-bulle-miel-1.webp","type":"image\/webp"}],"twitter_card":"summary_large_image","twitter_misc":{"Dur\u00e9e de lecture estim\u00e9e":"1 minute"},"schema":{"@context":"https:\/\/schema.org","@graph":[{"@type":"WebPage","@id":"https:\/\/sapernelle.com\/index.php\/produit\/n23-savon-douche-miel\/","url":"https:\/\/sapernelle.com\/index.php\/produit\/n23-savon-douche-miel\/","name":"n\u00b023 Savon Douche Miel - Sapernelle","isPartOf":{"@id":"https:\/\/sapernelle.com\/#website"},"primaryImageOfPage":{"@id":"https:\/\/sapernelle.com\/index.php\/produit\/n23-savon-douche-miel\/#primaryimage"},"image":{"@id":"https:\/\/sapernelle.com\/index.php\/produit\/n23-savon-douche-miel\/#primaryimage"},"thumbnailUrl":"https:\/\/sapernelle.com\/wp-content\/uploads\/2025\/01\/savon-liquide-bulle-miel-1.webp","datePublished":"2025-01-10T10:54:51+00:00","dateModified":"2025-10-13T09:28:04+00:00","breadcrumb":{"@id":"https:\/\/sapernelle.com\/index.php\/produit\/n23-savon-douche-miel\/#breadcrumb"},"inLanguage":"fr-FR","potentialAction":[{"@type":"ReadAction","target":["https:\/\/sapernelle.com\/index.php\/produit\/n23-savon-douche-miel\/"]}]},{"@type":"ImageObject","inLanguage":"fr-FR","@id":"https:\/\/sapernelle.com\/index.php\/produit\/n23-savon-douche-miel\/#primaryimage","url":"https:\/\/sapernelle.com\/wp-content\/uploads\/2025\/01\/savon-liquide-bulle-miel-1.webp","contentUrl":"https:\/\/sapernelle.com\/wp-content\/uploads\/2025\/01\/savon-liquide-bulle-miel-1.webp","width":2419,"height":2419,"caption":"savon liquide bulle miel"},{"@type":"BreadcrumbList","@id":"https:\/\/sapernelle.com\/index.php\/produit\/n23-savon-douche-miel\/#breadcrumb","itemListElement":[{"@type":"ListItem","position":1,"name":"Accueil","item":"https:\/\/sapernelle.com\/"},{"@type":"ListItem","position":2,"name":"Les Savons","item":"https:\/\/sapernelle.com\/"},{"@type":"ListItem","position":3,"name":"n\u00b023 Savon Douche Miel"}]},{"@type":"WebSite","@id":"https:\/\/sapernelle.com\/#website","url":"https:\/\/sapernelle.com\/","name":"Sapernelle","description":"Savonnerie Artisanale Sapernelle en Provence","potentialAction":[{"@type":"SearchAction","target":{"@type":"EntryPoint","urlTemplate":"https:\/\/sapernelle.com\/?s={search_term_string}"},"query-input":{"@type":"PropertyValueSpecification","valueRequired":true,"valueName":"search_term_string"}}],"inLanguage":"fr-FR"}]}},"_links":{"self":[{"href":"https:\/\/sapernelle.com\/index.php\/wp-json\/wp\/v2\/product\/1907","targetHints":{"allow":["GET"]}}],"collection":[{"href":"https:\/\/sapernelle.com\/index.php\/wp-json\/wp\/v2\/product"}],"about":[{"href":"https:\/\/sapernelle.com\/index.php\/wp-json\/wp\/v2\/types\/product"}],"wp:featuredmedia":[{"embeddable":true,"href":"https:\/\/sapernelle.com\/index.php\/wp-json\/wp\/v2\/media\/2163"}],"wp:attachment":[{"href":"https:\/\/sapernelle.com\/index.php\/wp-json\/wp\/v2\/media?parent=1907"}],"wp:term":[{"taxonomy":"product_brand","embeddable":true,"href":"https:\/\/sapernelle.com\/index.php\/wp-json\/wp\/v2\/product_brand?post=1907"},{"taxonomy":"product_cat","embeddable":true,"href":"https:\/\/sapernelle.com\/index.php\/wp-json\/wp\/v2\/product_cat?post=1907"},{"taxonomy":"product_tag","embeddable":true,"href":"https:\/\/sapernelle.com\/index.php\/wp-json\/wp\/v2\/product_tag?post=1907"}],"curies":[{"name":"wp","href":"https:\/\/api.w.org\/{rel}","templated":true}]}}