{"id":1365,"date":"2023-08-28T11:58:07","date_gmt":"2023-08-28T09:58:07","guid":{"rendered":"https:\/\/sapernelle.com\/?post_type=product&#038;p=1365"},"modified":"2025-10-01T14:21:01","modified_gmt":"2025-10-01T12:21:01","slug":"n30-baume-solide-universel-version-stick","status":"publish","type":"product","link":"https:\/\/sapernelle.com\/index.php\/produit\/n30-baume-solide-universel-version-stick\/","title":{"rendered":"n\u00b030 Baume solide universel &#8211; Stick carton 45g"},"content":{"rendered":"<p>[et_pb_section fb_built=\u00a0\u00bb1&Prime; _builder_version=\u00a0\u00bb4.16&Prime; custom_padding=\u00a0\u00bb0px||||false|false\u00a0\u00bb global_colors_info=\u00a0\u00bb{}\u00a0\u00bb][et_pb_row _builder_version=\u00a0\u00bb4.16&Prime; background_size=\u00a0\u00bbinitial\u00a0\u00bb background_position=\u00a0\u00bbtop_left\u00a0\u00bb background_repeat=\u00a0\u00bbrepeat\u00a0\u00bb width=\u00a0\u00bb100%\u00a0\u00bb custom_padding=\u00a0\u00bb0px||0px||false|false\u00a0\u00bb global_colors_info=\u00a0\u00bb{}\u00a0\u00bb][et_pb_column type=\u00a0\u00bb4_4&Prime; _builder_version=\u00a0\u00bb4.16&Prime; custom_padding=\u00a0\u00bb|||\u00a0\u00bb global_colors_info=\u00a0\u00bb{}\u00a0\u00bb custom_padding__hover=\u00a0\u00bb|||\u00a0\u00bb][et_pb_wc_cart_notice _builder_version=\u00a0\u00bb4.16&Prime; global_colors_info=\u00a0\u00bb{}\u00a0\u00bb][\/et_pb_wc_cart_notice][\/et_pb_column][\/et_pb_row][et_pb_row column_structure=\u00a0\u00bb1_2,1_2&Prime; _builder_version=\u00a0\u00bb4.16&Prime; background_size=\u00a0\u00bbinitial\u00a0\u00bb background_position=\u00a0\u00bbtop_left\u00a0\u00bb background_repeat=\u00a0\u00bbrepeat\u00a0\u00bb width=\u00a0\u00bb100%\u00a0\u00bb custom_padding=\u00a0\u00bb0px||||false|false\u00a0\u00bb global_colors_info=\u00a0\u00bb{}\u00a0\u00bb][et_pb_column type=\u00a0\u00bb1_2&Prime; _builder_version=\u00a0\u00bb4.16&Prime; custom_padding=\u00a0\u00bb|||\u00a0\u00bb global_colors_info=\u00a0\u00bb{}\u00a0\u00bb custom_padding__hover=\u00a0\u00bb|||\u00a0\u00bb][et_pb_wc_images _builder_version=\u00a0\u00bb4.16&Prime; global_colors_info=\u00a0\u00bb{}\u00a0\u00bb][\/et_pb_wc_images][\/et_pb_column][et_pb_column type=\u00a0\u00bb1_2&Prime; _builder_version=\u00a0\u00bb4.16&Prime; custom_padding=\u00a0\u00bb|||\u00a0\u00bb global_colors_info=\u00a0\u00bb{}\u00a0\u00bb custom_padding__hover=\u00a0\u00bb|||\u00a0\u00bb][et_pb_wc_title _builder_version=\u00a0\u00bb4.18.0&Prime; global_colors_info=\u00a0\u00bb{}\u00a0\u00bb][\/et_pb_wc_title][et_pb_wc_price _builder_version=\u00a0\u00bb4.16&Prime; global_colors_info=\u00a0\u00bb{}\u00a0\u00bb][\/et_pb_wc_price][et_pb_wc_description _builder_version=\u00a0\u00bb4.16&Prime; global_colors_info=\u00a0\u00bb{}\u00a0\u00bb][\/et_pb_wc_description][et_pb_wc_add_to_cart _builder_version=\u00a0\u00bb4.16&Prime; global_colors_info=\u00a0\u00bb{}\u00a0\u00bb][\/et_pb_wc_add_to_cart][\/et_pb_column][\/et_pb_row][et_pb_row _builder_version=\u00a0\u00bb4.16&Prime; background_size=\u00a0\u00bbinitial\u00a0\u00bb background_position=\u00a0\u00bbtop_left\u00a0\u00bb background_repeat=\u00a0\u00bbrepeat\u00a0\u00bb width=\u00a0\u00bb100%\u00a0\u00bb custom_margin=\u00a0\u00bb30px||||false|false\u00a0\u00bb global_colors_info=\u00a0\u00bb{}\u00a0\u00bb][et_pb_column type=\u00a0\u00bb4_4&Prime; _builder_version=\u00a0\u00bb4.16&Prime; custom_padding=\u00a0\u00bb|||\u00a0\u00bb global_colors_info=\u00a0\u00bb{}\u00a0\u00bb custom_padding__hover=\u00a0\u00bb|||\u00a0\u00bb][et_pb_wc_tabs admin_label=\u00a0\u00bbWoo Tabs\u00a0\u00bb _builder_version=\u00a0\u00bb4.16&Prime; global_colors_info=\u00a0\u00bb{}\u00a0\u00bb] [\/et_pb_wc_tabs][et_pb_wc_upsells columns_number=\u00a0\u00bb1&Prime; admin_label=\u00a0\u00bbWoo Upsell\u00a0\u00bb _builder_version=\u00a0\u00bb4.16&Prime; title_font_size=\u00a0\u00bb10px\u00a0\u00bb global_colors_info=\u00a0\u00bb{}\u00a0\u00bb][\/et_pb_wc_upsells][et_pb_wc_related_products admin_label=\u00a0\u00bbWoo Produits connexes\u00a0\u00bb _builder_version=\u00a0\u00bb4.16&Prime; global_colors_info=\u00a0\u00bb{}\u00a0\u00bb][\/et_pb_wc_related_products][\/et_pb_column][\/et_pb_row][\/et_pb_section][et_pb_section fb_built=\u00a0\u00bb1&Prime; _builder_version=\u00a0\u00bb4.22.1&Prime; _module_preset=\u00a0\u00bbdefault\u00a0\u00bb global_colors_info=\u00a0\u00bb{}\u00a0\u00bb][et_pb_row _builder_version=\u00a0\u00bb4.22.1&Prime; _module_preset=\u00a0\u00bbdefault\u00a0\u00bb global_colors_info=\u00a0\u00bb{}\u00a0\u00bb][et_pb_column type=\u00a0\u00bb4_4&Prime; _builder_version=\u00a0\u00bb4.22.1&Prime; _module_preset=\u00a0\u00bbdefault\u00a0\u00bb global_colors_info=\u00a0\u00bb{}\u00a0\u00bb][et_pb_image src=\u00a0\u00bbhttps:\/\/sapernelle.com\/wp-content\/uploads\/2023\/08\/20230523_160331-scaled.jpg\u00a0\u00bb title_text=\u00a0\u00bb20230523_160331&Prime; _builder_version=\u00a0\u00bb4.22.1&Prime; _module_preset=\u00a0\u00bbdefault\u00a0\u00bb global_colors_info=\u00a0\u00bb{}\u00a0\u00bb][\/et_pb_image][\/et_pb_column][\/et_pb_row][\/et_pb_section]<\/p>\n","protected":false},"excerpt":{"rendered":"<p style=\"font-weight: 400;\">Fabriqu\u00e9e de A \u00e0 Z \u00e0 la savonnerie, ce baume nourrissant convient aux peaux les plus sensibles des petits et des grands, du visage et du corps. Formul\u00e9 \u00e0 partir de 6 ingr\u00e9dients 100% naturels. Il contient plus de 99% d\u2019ingr\u00e9dients Fran\u00e7ais, sans parfum ni huile essentielle, il est nourrissant et rapidement absorb\u00e9 par la peau sans coller. Son odeur gourmande d\u2019amande provient de l\u2019huile de prune Fran\u00e7aise et bio. Ce baume est un compagnon id\u00e9al pour les peaux fragiles et s\u00e8ches, de la t\u00eate aux pieds. Il fond l\u00e9g\u00e8rement au contact de la peau ce qui permet de le r\u00e9partir sur la zone souhait\u00e9e. Dans sa version stick, il devient nomade : facile \u00e0 emporter dans son sac et \u00e0 appliquer en cas de besoin ! Pousser sur le fond du tube pour faire sortir le produit.<\/p>\n<p style=\"font-weight: 400;\"><strong>Caract\u00e9ristique\u00a0:<\/strong> Stick en carton recyclable, \u00e9tiquette recyclable. 45g poids net<\/p>\n","protected":false},"featured_media":2361,"template":"","meta":{"_et_pb_use_builder":"on","_et_pb_old_content":"<p style=\"font-weight: 400\">Formul\u00e9 \u00e0 base d\u2019ingr\u00e9dients 100% d\u2019origine naturelle, ce baume est nourrissant et rapidement absorb\u00e9 par la peau sans coller. Sans parfum ni huile essentielle, mais avec tout de m\u00eame une odeur gourmande d\u2019amande, il est id\u00e9al pour les peaux fragiles et s\u00e8ches. Dans sa version stick, il devient nomade : facile \u00e0 emporter dans son sac et \u00e0 appliquer en cas de besoin !<\/p>\r\nPousser sur le fond du tube pour faire sortir le produit.\r\n\r\nIngr\u00e9dients :\u00a0Helianthus Annuus Seed Oil*, Olea Europaea Fruit Oil*, Cera Alba, Prunus Domestica Seed Oil*, Hydrogenated Prunus Domestica Seed Oil, Tocopherol\r\n* <em>* Ingr\u00e9dients issus de l'agriculture biologique<\/em>\r\n<p style=\"font-weight: 400\"><strong>Huile d\u2019olive bio, huile et beurre de prune bio, huile de tournesol bio, cire d\u2019abeille<\/strong>, vitamine E<\/p>","_et_gb_content_width":"","_eb_attr":""},"product_brand":[],"product_cat":[97],"product_tag":[],"class_list":{"0":"post-1365","1":"product","2":"type-product","3":"status-publish","4":"has-post-thumbnail","6":"product_cat-les-cosmetiques","8":"first","9":"instock","10":"shipping-taxable","11":"purchasable","12":"product-type-simple"},"yoast_head":"<!-- This site is optimized with the Yoast SEO plugin v27.4 - https:\/\/yoast.com\/product\/yoast-seo-wordpress\/ -->\n<title>n\u00b030 Baume solide universel - Stick carton 45g - Sapernelle<\/title>\n<meta name=\"robots\" content=\"index, follow, max-snippet:-1, max-image-preview:large, max-video-preview:-1\" \/>\n<link rel=\"canonical\" href=\"https:\/\/sapernelle.com\/index.php\/produit\/n30-baume-solide-universel-version-stick\/\" \/>\n<meta property=\"og:locale\" content=\"fr_FR\" \/>\n<meta property=\"og:type\" content=\"article\" \/>\n<meta property=\"og:title\" content=\"n\u00b030 Baume solide universel - Stick carton 45g - Sapernelle\" \/>\n<meta property=\"og:description\" content=\"Fabriqu\u00e9e de A \u00e0 Z \u00e0 la savonnerie, ce baume nourrissant convient aux peaux les plus sensibles des petits et des grands, du visage et du corps. Formul\u00e9 \u00e0 partir de 6 ingr\u00e9dients 100% naturels. Il contient plus de 99% d\u2019ingr\u00e9dients Fran\u00e7ais, sans parfum ni huile essentielle, il est nourrissant et rapidement absorb\u00e9 par la peau sans coller. Son odeur gourmande d\u2019amande provient de l\u2019huile de prune Fran\u00e7aise et bio. Ce baume est un compagnon id\u00e9al pour les peaux fragiles et s\u00e8ches, de la t\u00eate aux pieds. Il fond l\u00e9g\u00e8rement au contact de la peau ce qui permet de le r\u00e9partir sur la zone souhait\u00e9e. Dans sa version stick, il devient nomade : facile \u00e0 emporter dans son sac et \u00e0 appliquer en cas de besoin ! Pousser sur le fond du tube pour faire sortir le produit. Caract\u00e9ristique\u00a0: Stick en carton recyclable, \u00e9tiquette recyclable. 45g poids net\" \/>\n<meta property=\"og:url\" content=\"https:\/\/sapernelle.com\/index.php\/produit\/n30-baume-solide-universel-version-stick\/\" \/>\n<meta property=\"og:site_name\" content=\"Sapernelle\" \/>\n<meta property=\"article:modified_time\" content=\"2025-10-01T12:21:01+00:00\" \/>\n<meta property=\"og:image\" content=\"https:\/\/sapernelle.com\/wp-content\/uploads\/2023\/08\/baume-solide-1-scaled.webp\" \/>\n\t<meta property=\"og:image:width\" content=\"2560\" \/>\n\t<meta property=\"og:image:height\" content=\"2560\" \/>\n\t<meta property=\"og:image:type\" content=\"image\/webp\" \/>\n<meta name=\"twitter:card\" content=\"summary_large_image\" \/>\n<meta name=\"twitter:label1\" content=\"Dur\u00e9e de lecture estim\u00e9e\" \/>\n\t<meta name=\"twitter:data1\" content=\"1 minute\" \/>\n<script type=\"application\/ld+json\" class=\"yoast-schema-graph\">{\"@context\":\"https:\\\/\\\/schema.org\",\"@graph\":[{\"@type\":\"WebPage\",\"@id\":\"https:\\\/\\\/sapernelle.com\\\/index.php\\\/produit\\\/n30-baume-solide-universel-version-stick\\\/\",\"url\":\"https:\\\/\\\/sapernelle.com\\\/index.php\\\/produit\\\/n30-baume-solide-universel-version-stick\\\/\",\"name\":\"n\u00b030 Baume solide universel - Stick carton 45g - Sapernelle\",\"isPartOf\":{\"@id\":\"https:\\\/\\\/sapernelle.com\\\/#website\"},\"primaryImageOfPage\":{\"@id\":\"https:\\\/\\\/sapernelle.com\\\/index.php\\\/produit\\\/n30-baume-solide-universel-version-stick\\\/#primaryimage\"},\"image\":{\"@id\":\"https:\\\/\\\/sapernelle.com\\\/index.php\\\/produit\\\/n30-baume-solide-universel-version-stick\\\/#primaryimage\"},\"thumbnailUrl\":\"https:\\\/\\\/sapernelle.com\\\/wp-content\\\/uploads\\\/2023\\\/08\\\/baume-solide-1-scaled.webp\",\"datePublished\":\"2023-08-28T09:58:07+00:00\",\"dateModified\":\"2025-10-01T12:21:01+00:00\",\"breadcrumb\":{\"@id\":\"https:\\\/\\\/sapernelle.com\\\/index.php\\\/produit\\\/n30-baume-solide-universel-version-stick\\\/#breadcrumb\"},\"inLanguage\":\"fr-FR\",\"potentialAction\":[{\"@type\":\"ReadAction\",\"target\":[\"https:\\\/\\\/sapernelle.com\\\/index.php\\\/produit\\\/n30-baume-solide-universel-version-stick\\\/\"]}]},{\"@type\":\"ImageObject\",\"inLanguage\":\"fr-FR\",\"@id\":\"https:\\\/\\\/sapernelle.com\\\/index.php\\\/produit\\\/n30-baume-solide-universel-version-stick\\\/#primaryimage\",\"url\":\"https:\\\/\\\/sapernelle.com\\\/wp-content\\\/uploads\\\/2023\\\/08\\\/baume-solide-1-scaled.webp\",\"contentUrl\":\"https:\\\/\\\/sapernelle.com\\\/wp-content\\\/uploads\\\/2023\\\/08\\\/baume-solide-1-scaled.webp\",\"width\":2560,\"height\":2560,\"caption\":\"baume solide\"},{\"@type\":\"BreadcrumbList\",\"@id\":\"https:\\\/\\\/sapernelle.com\\\/index.php\\\/produit\\\/n30-baume-solide-universel-version-stick\\\/#breadcrumb\",\"itemListElement\":[{\"@type\":\"ListItem\",\"position\":1,\"name\":\"Accueil\",\"item\":\"https:\\\/\\\/sapernelle.com\\\/\"},{\"@type\":\"ListItem\",\"position\":2,\"name\":\"Les Savons\",\"item\":\"https:\\\/\\\/sapernelle.com\\\/\"},{\"@type\":\"ListItem\",\"position\":3,\"name\":\"n\u00b030 Baume solide universel &#8211; Stick carton 45g\"}]},{\"@type\":\"WebSite\",\"@id\":\"https:\\\/\\\/sapernelle.com\\\/#website\",\"url\":\"https:\\\/\\\/sapernelle.com\\\/\",\"name\":\"Sapernelle\",\"description\":\"Savonnerie Artisanale Sapernelle en Provence\",\"potentialAction\":[{\"@type\":\"SearchAction\",\"target\":{\"@type\":\"EntryPoint\",\"urlTemplate\":\"https:\\\/\\\/sapernelle.com\\\/?s={search_term_string}\"},\"query-input\":{\"@type\":\"PropertyValueSpecification\",\"valueRequired\":true,\"valueName\":\"search_term_string\"}}],\"inLanguage\":\"fr-FR\"}]}<\/script>\n<!-- \/ Yoast SEO plugin. -->","yoast_head_json":{"title":"n\u00b030 Baume solide universel - Stick carton 45g - Sapernelle","robots":{"index":"index","follow":"follow","max-snippet":"max-snippet:-1","max-image-preview":"max-image-preview:large","max-video-preview":"max-video-preview:-1"},"canonical":"https:\/\/sapernelle.com\/index.php\/produit\/n30-baume-solide-universel-version-stick\/","og_locale":"fr_FR","og_type":"article","og_title":"n\u00b030 Baume solide universel - Stick carton 45g - Sapernelle","og_description":"Fabriqu\u00e9e de A \u00e0 Z \u00e0 la savonnerie, ce baume nourrissant convient aux peaux les plus sensibles des petits et des grands, du visage et du corps. Formul\u00e9 \u00e0 partir de 6 ingr\u00e9dients 100% naturels. Il contient plus de 99% d\u2019ingr\u00e9dients Fran\u00e7ais, sans parfum ni huile essentielle, il est nourrissant et rapidement absorb\u00e9 par la peau sans coller. Son odeur gourmande d\u2019amande provient de l\u2019huile de prune Fran\u00e7aise et bio. Ce baume est un compagnon id\u00e9al pour les peaux fragiles et s\u00e8ches, de la t\u00eate aux pieds. Il fond l\u00e9g\u00e8rement au contact de la peau ce qui permet de le r\u00e9partir sur la zone souhait\u00e9e. Dans sa version stick, il devient nomade : facile \u00e0 emporter dans son sac et \u00e0 appliquer en cas de besoin ! Pousser sur le fond du tube pour faire sortir le produit. Caract\u00e9ristique\u00a0: Stick en carton recyclable, \u00e9tiquette recyclable. 45g poids net","og_url":"https:\/\/sapernelle.com\/index.php\/produit\/n30-baume-solide-universel-version-stick\/","og_site_name":"Sapernelle","article_modified_time":"2025-10-01T12:21:01+00:00","og_image":[{"width":2560,"height":2560,"url":"https:\/\/sapernelle.com\/wp-content\/uploads\/2023\/08\/baume-solide-1-scaled.webp","type":"image\/webp"}],"twitter_card":"summary_large_image","twitter_misc":{"Dur\u00e9e de lecture estim\u00e9e":"1 minute"},"schema":{"@context":"https:\/\/schema.org","@graph":[{"@type":"WebPage","@id":"https:\/\/sapernelle.com\/index.php\/produit\/n30-baume-solide-universel-version-stick\/","url":"https:\/\/sapernelle.com\/index.php\/produit\/n30-baume-solide-universel-version-stick\/","name":"n\u00b030 Baume solide universel - Stick carton 45g - Sapernelle","isPartOf":{"@id":"https:\/\/sapernelle.com\/#website"},"primaryImageOfPage":{"@id":"https:\/\/sapernelle.com\/index.php\/produit\/n30-baume-solide-universel-version-stick\/#primaryimage"},"image":{"@id":"https:\/\/sapernelle.com\/index.php\/produit\/n30-baume-solide-universel-version-stick\/#primaryimage"},"thumbnailUrl":"https:\/\/sapernelle.com\/wp-content\/uploads\/2023\/08\/baume-solide-1-scaled.webp","datePublished":"2023-08-28T09:58:07+00:00","dateModified":"2025-10-01T12:21:01+00:00","breadcrumb":{"@id":"https:\/\/sapernelle.com\/index.php\/produit\/n30-baume-solide-universel-version-stick\/#breadcrumb"},"inLanguage":"fr-FR","potentialAction":[{"@type":"ReadAction","target":["https:\/\/sapernelle.com\/index.php\/produit\/n30-baume-solide-universel-version-stick\/"]}]},{"@type":"ImageObject","inLanguage":"fr-FR","@id":"https:\/\/sapernelle.com\/index.php\/produit\/n30-baume-solide-universel-version-stick\/#primaryimage","url":"https:\/\/sapernelle.com\/wp-content\/uploads\/2023\/08\/baume-solide-1-scaled.webp","contentUrl":"https:\/\/sapernelle.com\/wp-content\/uploads\/2023\/08\/baume-solide-1-scaled.webp","width":2560,"height":2560,"caption":"baume solide"},{"@type":"BreadcrumbList","@id":"https:\/\/sapernelle.com\/index.php\/produit\/n30-baume-solide-universel-version-stick\/#breadcrumb","itemListElement":[{"@type":"ListItem","position":1,"name":"Accueil","item":"https:\/\/sapernelle.com\/"},{"@type":"ListItem","position":2,"name":"Les Savons","item":"https:\/\/sapernelle.com\/"},{"@type":"ListItem","position":3,"name":"n\u00b030 Baume solide universel &#8211; Stick carton 45g"}]},{"@type":"WebSite","@id":"https:\/\/sapernelle.com\/#website","url":"https:\/\/sapernelle.com\/","name":"Sapernelle","description":"Savonnerie Artisanale Sapernelle en Provence","potentialAction":[{"@type":"SearchAction","target":{"@type":"EntryPoint","urlTemplate":"https:\/\/sapernelle.com\/?s={search_term_string}"},"query-input":{"@type":"PropertyValueSpecification","valueRequired":true,"valueName":"search_term_string"}}],"inLanguage":"fr-FR"}]}},"_links":{"self":[{"href":"https:\/\/sapernelle.com\/index.php\/wp-json\/wp\/v2\/product\/1365","targetHints":{"allow":["GET"]}}],"collection":[{"href":"https:\/\/sapernelle.com\/index.php\/wp-json\/wp\/v2\/product"}],"about":[{"href":"https:\/\/sapernelle.com\/index.php\/wp-json\/wp\/v2\/types\/product"}],"wp:featuredmedia":[{"embeddable":true,"href":"https:\/\/sapernelle.com\/index.php\/wp-json\/wp\/v2\/media\/2361"}],"wp:attachment":[{"href":"https:\/\/sapernelle.com\/index.php\/wp-json\/wp\/v2\/media?parent=1365"}],"wp:term":[{"taxonomy":"product_brand","embeddable":true,"href":"https:\/\/sapernelle.com\/index.php\/wp-json\/wp\/v2\/product_brand?post=1365"},{"taxonomy":"product_cat","embeddable":true,"href":"https:\/\/sapernelle.com\/index.php\/wp-json\/wp\/v2\/product_cat?post=1365"},{"taxonomy":"product_tag","embeddable":true,"href":"https:\/\/sapernelle.com\/index.php\/wp-json\/wp\/v2\/product_tag?post=1365"}],"curies":[{"name":"wp","href":"https:\/\/api.w.org\/{rel}","templated":true}]}}